{"id":7,"date":"2025-01-10T10:55:19","date_gmt":"2025-01-10T10:55:19","guid":{"rendered":"https:\/\/new.av-moosburg.de\/?page_id=7"},"modified":"2025-10-20T12:39:32","modified_gmt":"2025-10-20T10:39:32","slug":"home","status":"publish","type":"page","link":"https:\/\/www.av-moosburg.de\/","title":{"rendered":"Home"},"content":{"rendered":"<p>[et_pb_section fb_built=&#8220;1&#8243; prev_background_color=&#8220;#ffffff&#8220; next_background_color=&#8220;#ffffff&#8220; admin_label=&#8220;Hero&#8220; _builder_version=&#8220;4.27.4&#8243; _module_preset=&#8220;_module_preset=&#8220; use_background_color_gradient=&#8220;on&#8220; background_image=&#8220;https:\/\/www.av-moosburg.de\/wp-content\/uploads\/2025\/10\/IsarHerbstHomepage-scaled.jpg&#8220; parallax=&#8220;on&#8220; custom_padding=&#8220;8vw||3vw||false|false&#8220; top_divider_style=&#8220;waves2&#8243; bottom_divider_style=&#8220;waves2&#8243; bottom_divider_height=&#8220;10vw&#8220; bottom_divider_flip=&#8220;horizontal&#8220; locked=&#8220;off&#8220; collapsed=&#8220;on&#8220; global_colors_info=&#8220;{}&#8220;][et_pb_row column_structure=&#8220;1_2,1_2&#8243; _builder_version=&#8220;4.18.0&#8243; _module_preset=&#8220;5138c454-be54-4233-bd3b-f8e6a8747976&#8243; locked=&#8220;off&#8220; global_colors_info=&#8220;{}&#8220;][et_pb_column type=&#8220;1_2&#8243; _builder_version=&#8220;4.16&#8243; _module_preset=&#8220;73121f80-a3ef-4484-8763-c3f18e3c56d2&#8243; global_colors_info=&#8220;{}&#8220;][et_pb_heading title=&#8220;F\u00fcr eine bl\u00fchende Zukunft unserer Gew\u00e4sser&#8220; _builder_version=&#8220;4.24.2&#8243; _module_preset=&#8220;f0c675ea-2574-4d0e-b725-30f8550a8550&#8243; title_text_color=&#8220;#FFFFFF&#8220; locked=&#8220;off&#8220; global_colors_info=&#8220;{}&#8220;][\/et_pb_heading][et_pb_heading title=&#8220;Engagiert f\u00fcr die Renaturierung und den Schutz der Gew\u00e4sser&#8220; _builder_version=&#8220;4.27.4&#8243; _module_preset=&#8220;ddeb8c09-9078-4424-bc15-2efb6572e28e&#8220; title_text_color=&#8220;#FFFFFF&#8220; title_font_size=&#8220;61px&#8220; width=&#8220;91.1%&#8220; hover_enabled=&#8220;0&#8243; locked=&#8220;off&#8220; global_colors_info=&#8220;{}&#8220; text_shadow_style=&#8220;preset4&#8243; sticky_enabled=&#8220;0&#8243; custom_padding=&#8220;|0px||||&#8220; custom_margin=&#8220;|38px||||&#8220;][\/et_pb_heading][et_pb_text _builder_version=&#8220;4.24.2&#8243; _module_preset=&#8220;0504de1e-f5ff-4281-ba60-cbbe4edf98bc&#8220; locked=&#8220;off&#8220;]<\/p>\n<p>Der Anglerverein Moosburg e.V. widmet sich der nachhaltigen Pflege und Wiederherstellung unserer lokalen Gew\u00e4sser. Gemeinsam gestalten wir eine lebenswerte Umwelt f\u00fcr heutige und zuk\u00fcnftige Generationen.<\/p>\n<p>&nbsp;<\/p>\n<p>[\/et_pb_text][\/et_pb_column][et_pb_column type=&#8220;1_2&#8243; _builder_version=&#8220;4.16&#8243; _module_preset=&#8220;73121f80-a3ef-4484-8763-c3f18e3c56d2&#8243; global_colors_info=&#8220;{}&#8220;][\/et_pb_column][\/et_pb_row][et_pb_row _builder_version=&#8220;4.27.4&#8243; _module_preset=&#8220;default&#8220; global_colors_info=&#8220;{}&#8220;][et_pb_column type=&#8220;4_4&#8243; _builder_version=&#8220;4.27.4&#8243; _module_preset=&#8220;default&#8220; global_colors_info=&#8220;{}&#8220;][et_pb_text _builder_version=&#8220;4.27.4&#8243; _module_preset=&#8220;default&#8220; custom_padding=&#8220;2px|||||&#8220; global_colors_info=&#8220;{}&#8220;][\/et_pb_text][\/et_pb_column][\/et_pb_row][\/et_pb_section][et_pb_section fb_built=&#8220;1&#8243; admin_label=&#8220;About&#8220; _builder_version=&#8220;4.25.1&#8243; _module_preset=&#8220;default&#8220; collapsed=&#8220;on&#8220; global_colors_info=&#8220;{}&#8220;][et_pb_row column_structure=&#8220;1_2,1_2&#8243; _builder_version=&#8220;4.25.1&#8243; _module_preset=&#8220;048d8e79-b07f-439b-bd57-f41c14f0a56b&#8220; global_colors_info=&#8220;{}&#8220;][et_pb_column type=&#8220;1_2&#8243; _builder_version=&#8220;4.25.1&#8243; _module_preset=&#8220;default&#8220; global_colors_info=&#8220;{}&#8220;][et_pb_image src=&#8220;https:\/\/www.av-moosburg.de\/wp-content\/uploads\/2025\/01\/Laichplatz-graben-mit-Grabegabeln-Moosach-Hangenham-2012.jpg&#8220; title_text=&#8220;Laichplatz-graben-mit-Grabegabeln-Moosach-Hangenham-2012&#8243; _builder_version=&#8220;4.27.4&#8243; _module_preset=&#8220;default&#8220; global_colors_info=&#8220;{}&#8220;][\/et_pb_image][\/et_pb_column][et_pb_column type=&#8220;1_2&#8243; _builder_version=&#8220;4.25.1&#8243; _module_preset=&#8220;default&#8220; global_colors_info=&#8220;{}&#8220;][et_pb_heading title=&#8220;Unsere Mission&#8220; _builder_version=&#8220;4.25.1&#8243; _module_preset=&#8220;c33f07d9-41e0-421a-8799-5799df695cce&#8220; global_colors_info=&#8220;{}&#8220;][\/et_pb_heading][et_pb_text _builder_version=&#8220;4.25.1&#8243; _module_preset=&#8220;2c55a9c4-feed-423b-9edb-ae0b5b365cac&#8220; global_colors_info=&#8220;{}&#8220;]<\/p>\n<p>Der Anglerverein Moosburg e.V. setzt sich leidenschaftlich f\u00fcr den Schutz und die Renaturierung unserer Gew\u00e4sser ein. Unsere Werte basieren auf Respekt f\u00fcr die Natur, Gemeinschaft und nachhaltige Entwicklung.<\/p>\n<p>Wir f\u00f6rdern umweltbewusstes Angeln und bieten unseren Mitgliedern die M\u00f6glichkeit, aktiv zur Erhaltung der nat\u00fcrlichen Ressourcen beizutragen.<\/p>\n<p>[\/et_pb_text][et_pb_button button_url=&#8220;@ET-DC@eyJkeW5hbWljIjp0cnVlLCJjb250ZW50IjoicG9zdF9saW5rX3VybF9wYWdlIiwic2V0dGluZ3MiOnsicG9zdF9pZCI6IjgzMyJ9fQ==@&#8220; button_text=&#8220;Mehr erfahren&#8220; _builder_version=&#8220;4.27.4&#8243; _dynamic_attributes=&#8220;button_url&#8220; _module_preset=&#8220;default&#8220; global_colors_info=&#8220;{}&#8220;][\/et_pb_button][\/et_pb_column][\/et_pb_row][\/et_pb_section][et_pb_section fb_built=&#8220;1&#8243; admin_label=&#8220;Features&#8220; _builder_version=&#8220;4.23.1&#8243; _module_preset=&#8220;default&#8220; locked=&#8220;off&#8220; collapsed=&#8220;on&#8220; global_colors_info=&#8220;{}&#8220;][et_pb_row _builder_version=&#8220;4.17.6&#8243; _module_preset=&#8220;5138c454-be54-4233-bd3b-f8e6a8747976&#8243; locked=&#8220;off&#8220; global_colors_info=&#8220;{}&#8220;][et_pb_column type=&#8220;4_4&#8243; _builder_version=&#8220;4.17.3&#8243; _module_preset=&#8220;73121f80-a3ef-4484-8763-c3f18e3c56d2&#8243; global_colors_info=&#8220;{}&#8220;][et_pb_heading title=&#8220;Vorteile f\u00fcr Mitglieder&#8220; _builder_version=&#8220;4.24.3&#8243; _module_preset=&#8220;c33f07d9-41e0-421a-8799-5799df695cce&#8220; title_text_align=&#8220;center&#8220; locked=&#8220;off&#8220; global_colors_info=&#8220;{}&#8220;][\/et_pb_heading][et_pb_text _builder_version=&#8220;4.24.3&#8243; _module_preset=&#8220;2c55a9c4-feed-423b-9edb-ae0b5b365cac&#8220; text_orientation=&#8220;center&#8220; max_width=&#8220;800px&#8220; module_alignment=&#8220;center&#8220; global_colors_info=&#8220;{}&#8220;]<\/p>\n<p>Als Mitglied des Anglervereins Moosburg e.V. profitieren Sie von exklusiven Zug\u00e4ngen zu ertragreichen Angelpl\u00e4tzen und einer aktiven Gemeinschaft, die die Liebe zur Natur teilt.<\/p>\n<p>[\/et_pb_text][\/et_pb_column][\/et_pb_row][et_pb_row column_structure=&#8220;1_3,1_3,1_3&#8243; _builder_version=&#8220;4.18.0&#8243; _module_preset=&#8220;5138c454-be54-4233-bd3b-f8e6a8747976&#8243; max_width=&#8220;900px&#8220; module_alignment=&#8220;center&#8220; custom_margin=&#8220;|830px||auto||&#8220; global_colors_info=&#8220;{}&#8220;][et_pb_column type=&#8220;1_3&#8243; _builder_version=&#8220;4.16&#8243; _module_preset=&#8220;73121f80-a3ef-4484-8763-c3f18e3c56d2&#8243; global_colors_info=&#8220;{}&#8220;][et_pb_blurb title=&#8220;Ertragreiche Angelgew\u00e4sser&#8220; use_icon=&#8220;on&#8220; font_icon=&#8220;&#xf509;||fa||900&#8243; icon_alignment=&#8220;center&#8220; _builder_version=&#8220;4.24.3&#8243; _module_preset=&#8220;212b201d-2c34-41bd-936c-851b7357d08b&#8220; text_orientation=&#8220;center&#8220; locked=&#8220;off&#8220; global_colors_info=&#8220;{%22gcid-body-color%22:%91%22body_text_color%22,%22body_text_color%22%93,%22gcid-heading-color%22:%91%22header_text_color%22,%22header_text_color%22%93}&#8220;][\/et_pb_blurb][\/et_pb_column][et_pb_column type=&#8220;1_3&#8243; _builder_version=&#8220;4.16&#8243; _module_preset=&#8220;73121f80-a3ef-4484-8763-c3f18e3c56d2&#8243; global_colors_info=&#8220;{}&#8220;][et_pb_blurb title=&#8220;Gemeinschaftserlebnisse&#8220; use_icon=&#8220;on&#8220; font_icon=&#8220;&#xf4ce;||fa||900&#8243; icon_alignment=&#8220;center&#8220; _builder_version=&#8220;4.24.3&#8243; _module_preset=&#8220;212b201d-2c34-41bd-936c-851b7357d08b&#8220; text_orientation=&#8220;center&#8220; locked=&#8220;off&#8220; global_colors_info=&#8220;{%22gcid-body-color%22:%91%22body_text_color%22,%22body_text_color%22%93,%22gcid-heading-color%22:%91%22header_text_color%22,%22header_text_color%22%93}&#8220;][\/et_pb_blurb][\/et_pb_column][et_pb_column type=&#8220;1_3&#8243; _builder_version=&#8220;4.16&#8243; _module_preset=&#8220;73121f80-a3ef-4484-8763-c3f18e3c56d2&#8243; global_colors_info=&#8220;{}&#8220;][et_pb_blurb title=&#8220;Naturschutzprojekte&#8220; use_icon=&#8220;on&#8220; font_icon=&#8220;&#xf785;||fa||400&#8243; icon_alignment=&#8220;center&#8220; _builder_version=&#8220;4.24.3&#8243; _module_preset=&#8220;212b201d-2c34-41bd-936c-851b7357d08b&#8220; text_orientation=&#8220;center&#8220; locked=&#8220;off&#8220; global_colors_info=&#8220;{%22gcid-body-color%22:%91%22body_text_color%22,%22body_text_color%22%93,%22gcid-heading-color%22:%91%22header_text_color%22,%22header_text_color%22%93}&#8220;][\/et_pb_blurb][\/et_pb_column][\/et_pb_row][\/et_pb_section][et_pb_section fb_built=&#8220;1&#8243; admin_label=&#8220;Services&#8220; _builder_version=&#8220;4.27.4&#8243; _module_preset=&#8220;default&#8220; background_color=&#8220;gcid-primary-color&#8220; locked=&#8220;off&#8220; collapsed=&#8220;on&#8220; global_colors_info=&#8220;{%22gcid-primary-color%22:%91%22background_color%22%93}&#8220;][et_pb_row column_structure=&#8220;1_3,1_3,1_3&#8243; make_equal=&#8220;on&#8220; custom_padding_last_edited=&#8220;on|tablet&#8220; _builder_version=&#8220;4.27.4&#8243; _module_preset=&#8220;5138c454-be54-4233-bd3b-f8e6a8747976&#8243; background_color=&#8220;gcid-primary-color&#8220; custom_padding_tablet=&#8220;||0px||false|false&#8220; custom_padding_phone=&#8220;||0px||false|false&#8220; locked=&#8220;off&#8220; global_colors_info=&#8220;{%22gcid-primary-color%22:%91%22background_color%22%93}&#8220;][et_pb_column type=&#8220;1_3&#8243; saved_specialty_column_type=&#8220;2_3&#8243; _builder_version=&#8220;4.27.4&#8243; _module_preset=&#8220;73121f80-a3ef-4484-8763-c3f18e3c56d2&#8243; background_color=&#8220;gcid-primary-color&#8220; global_colors_info=&#8220;{%22gcid-36fd78a7-34bc-404d-873c-dafa34efaae5%22:%91%22button_text_color%22,%22button_text_color%22,%22button_text_color%22%93,%22gcid-primary-color%22:%91%22background_color%22%93}&#8220;][et_pb_heading title=&#8220;Was wir leisten&#8220; _builder_version=&#8220;4.27.4&#8243; _module_preset=&#8220;ba4a6336-701f-47b8-bf5c-09da0ce28016&#8243; title_level=&#8220;h2&#8243; title_text_color=&#8220;#FFFFFF&#8220; locked=&#8220;off&#8220; global_colors_info=&#8220;{}&#8220;][\/et_pb_heading][et_pb_text _builder_version=&#8220;4.24.3&#8243; _module_preset=&#8220;2c55a9c4-feed-423b-9edb-ae0b5b365cac&#8220; locked=&#8220;off&#8220; global_colors_info=&#8220;{}&#8220;]<\/p>\n<p><span style=\"color: #ffffff;\">Der Anglerverein Moosburg e.V. bietet eine Vielzahl von Aktivit\u00e4ten und Leistungen die das Angelerlebnis bereichern und die Natur f\u00f6rdern.<\/span><\/p>\n<p>[\/et_pb_text][\/et_pb_column][et_pb_column type=&#8220;1_3&#8243; saved_specialty_column_type=&#8220;2_3&#8243; _builder_version=&#8220;4.24.3&#8243; _module_preset=&#8220;50607da8-57bc-4d4b-aaef-f02e41c2cc4a&#8220; global_colors_info=&#8220;{}&#8220;][et_pb_blurb title=&#8220;Fischerpr\u00fcfung&#8220; use_icon=&#8220;on&#8220; font_icon=&#8220;&#xf51c;||fa||900&#8243; _builder_version=&#8220;4.27.4&#8243; _module_preset=&#8220;212b201d-2c34-41bd-936c-851b7357d08b&#8220; locked=&#8220;off&#8220; global_colors_info=&#8220;{%22gcid-heading-color%22:%91%22header_text_color%22,%22header_text_color%22,%22header_text_color%22,%22header_text_color%22,%22header_text_color%22%93,%22gcid-body-color%22:%91%22body_text_color%22,%22body_text_color%22,%22body_text_color%22,%22body_text_color%22,%22body_text_color%22%93,%22gcid-primary-color%22:%91%22icon_color%22%93}&#8220;]<\/p>\n<p>Wir bieten umfassende Kursezur Vorbereitung auf die staatliche Fischerpr\u00fcfung an.<\/p>\n<p>[\/et_pb_blurb][et_pb_button button_url=&#8220;@ET-DC@eyJkeW5hbWljIjp0cnVlLCJjb250ZW50IjoicG9zdF9saW5rX3VybF9wYWdlIiwic2V0dGluZ3MiOnsicG9zdF9pZCI6IjIifX0=@&#8220; button_text=&#8220;Mehr erfahren&#8220; _builder_version=&#8220;4.27.4&#8243; _dynamic_attributes=&#8220;button_url&#8220; _module_preset=&#8220;default&#8220; global_colors_info=&#8220;{}&#8220;][\/et_pb_button][\/et_pb_column][et_pb_column type=&#8220;1_3&#8243; saved_specialty_column_type=&#8220;2_3&#8243; _builder_version=&#8220;4.24.3&#8243; _module_preset=&#8220;50607da8-57bc-4d4b-aaef-f02e41c2cc4a&#8220; global_colors_info=&#8220;{}&#8220;][et_pb_blurb title=&#8220;Gew\u00e4sserpflege&#8220; use_icon=&#8220;on&#8220; font_icon=&#8220;&#xf7d9;||fa||900&#8243; _builder_version=&#8220;4.24.3&#8243; _module_preset=&#8220;212b201d-2c34-41bd-936c-851b7357d08b&#8220; locked=&#8220;off&#8220; global_colors_info=&#8220;{%22gcid-heading-color%22:%91%22header_text_color%22,%22header_text_color%22,%22header_text_color%22,%22header_text_color%22,%22header_text_color%22%93,%22gcid-body-color%22:%91%22body_text_color%22,%22body_text_color%22,%22body_text_color%22,%22body_text_color%22,%22body_text_color%22%93,%22gcid-primary-color%22:%91%22icon_color%22%93}&#8220;]<\/p>\n<p>Unsere Mitglieder engagieren sich aktiv in der Pflege und Renaturierung der lokalen Gew\u00e4sser, um die Biodiversit\u00e4t zu f\u00f6rdern.<\/p>\n<p>[\/et_pb_blurb][\/et_pb_column][\/et_pb_row][et_pb_row column_structure=&#8220;1_3,1_3,1_3&#8243; make_equal=&#8220;on&#8220; custom_padding_last_edited=&#8220;on|tablet&#8220; _builder_version=&#8220;4.27.4&#8243; _module_preset=&#8220;5138c454-be54-4233-bd3b-f8e6a8747976&#8243; custom_padding_tablet=&#8220;||0px||false|false&#8220; custom_padding_phone=&#8220;||0px||false|false&#8220; locked=&#8220;off&#8220; global_colors_info=&#8220;{}&#8220;][et_pb_column type=&#8220;1_3&#8243; saved_specialty_column_type=&#8220;2_3&#8243; _builder_version=&#8220;4.27.4&#8243; _module_preset=&#8220;73121f80-a3ef-4484-8763-c3f18e3c56d2&#8243; background_color=&#8220;gcid-primary-color&#8220; global_colors_info=&#8220;{%22gcid-36fd78a7-34bc-404d-873c-dafa34efaae5%22:%91%22button_text_color%22,%22button_text_color%22,%22button_text_color%22%93,%22gcid-primary-color%22:%91%22background_color%22%93}&#8220;][\/et_pb_column][et_pb_column type=&#8220;1_3&#8243; saved_specialty_column_type=&#8220;2_3&#8243; _builder_version=&#8220;4.24.3&#8243; _module_preset=&#8220;50607da8-57bc-4d4b-aaef-f02e41c2cc4a&#8220; global_colors_info=&#8220;{}&#8220;][et_pb_blurb title=&#8220;Gemeinschaft&#8220; use_icon=&#8220;on&#8220; font_icon=&#8220;&#xf2b5;||fa||400&#8243; _builder_version=&#8220;4.27.4&#8243; _module_preset=&#8220;212b201d-2c34-41bd-936c-851b7357d08b&#8220; locked=&#8220;off&#8220; global_colors_info=&#8220;{%22gcid-heading-color%22:%91%22header_text_color%22,%22header_text_color%22,%22header_text_color%22,%22header_text_color%22,%22header_text_color%22%93,%22gcid-body-color%22:%91%22body_text_color%22,%22body_text_color%22,%22body_text_color%22,%22body_text_color%22,%22body_text_color%22%93,%22gcid-primary-color%22:%91%22icon_color%22%93}&#8220;]<\/p>\n<p>Regelm\u00e4\u00dfige Veranstaltungen, bei denen Mitglieder zusammenkommen, um gemeinsam zu diskutieren, zu angeln und Erfahrungen auszutauschen.<\/p>\n<p>[\/et_pb_blurb][\/et_pb_column][et_pb_column type=&#8220;1_3&#8243; saved_specialty_column_type=&#8220;2_3&#8243; _builder_version=&#8220;4.24.3&#8243; _module_preset=&#8220;50607da8-57bc-4d4b-aaef-f02e41c2cc4a&#8220; global_colors_info=&#8220;{}&#8220;][et_pb_blurb title=&#8220;Jugendf\u00f6rderung&#8220; use_icon=&#8220;on&#8220; font_icon=&#8220;&#xf209;||fa||400&#8243; _builder_version=&#8220;4.27.4&#8243; _module_preset=&#8220;212b201d-2c34-41bd-936c-851b7357d08b&#8220; locked=&#8220;off&#8220; global_colors_info=&#8220;{%22gcid-heading-color%22:%91%22header_text_color%22,%22header_text_color%22,%22header_text_color%22,%22header_text_color%22,%22header_text_color%22%93,%22gcid-body-color%22:%91%22body_text_color%22,%22body_text_color%22,%22body_text_color%22,%22body_text_color%22,%22body_text_color%22%93,%22gcid-primary-color%22:%91%22icon_color%22%93}&#8220;]<\/p>\n<p>Speziell f\u00fcr junge Angler bieten wir eine Jugendgruppe an, die das Interesse an der Natur und dem Angeln weckt und f\u00f6rdert.<\/p>\n<p>[\/et_pb_blurb][et_pb_button button_url=&#8220;@ET-DC@eyJkeW5hbWljIjp0cnVlLCJjb250ZW50IjoicG9zdF9saW5rX3VybF9wYWdlIiwic2V0dGluZ3MiOnsicG9zdF9pZCI6IjU2NCJ9fQ==@&#8220; button_text=&#8220;Mehr erfahren&#8220; _builder_version=&#8220;4.27.4&#8243; _dynamic_attributes=&#8220;button_url&#8220; _module_preset=&#8220;default&#8220; global_colors_info=&#8220;{}&#8220;][\/et_pb_button][\/et_pb_column][\/et_pb_row][\/et_pb_section][et_pb_section fb_built=&#8220;1&#8243; admin_label=&#8220;Statistics&#8220; _builder_version=&#8220;4.27.4&#8243; _module_preset=&#8220;default&#8220; background_enable_color=&#8220;off&#8220; background_image=&#8220;https:\/\/www.av-moosburg.de\/wp-content\/uploads\/2025\/01\/cropped-cut_isar_hangenham_.jpg&#8220; parallax=&#8220;on&#8220; top_divider_style=&#8220;waves2&#8243; top_divider_color=&#8220;gcid-primary-color&#8220; locked=&#8220;off&#8220; collapsed=&#8220;on&#8220; global_colors_info=&#8220;{%22gcid-primary-color%22:%91%22top_divider_color%22%93}&#8220;][et_pb_row custom_padding_last_edited=&#8220;on|phone&#8220; _builder_version=&#8220;4.24.3&#8243; _module_preset=&#8220;5138c454-be54-4233-bd3b-f8e6a8747976&#8243; background_color=&#8220;gcid-primary-color&#8220; custom_margin=&#8220;45px|auto||auto||&#8220; custom_padding=&#8220;60px|60px||60px|false|true&#8220; custom_padding_tablet=&#8220;30px|30px||30px|false|true&#8220; custom_padding_phone=&#8220;20px|20px||20px|false|true&#8220; border_radii=&#8220;off|6px|6px||&#8220; global_colors_info=&#8220;{%22gcid-36fd78a7-34bc-404d-873c-dafa34efaae5%22:%91%22icon_color%22,%22icon_color%22,%22icon_color%22%93,%22gcid-7cadd8b3-5228-48e4-90c4-212d09232f7b%22:%91%22header_text_color%22%93,%22gcid-9a15b43a-75da-4015-a522-d0ef1179ded7%22:%91%22body_text_color%22%93,%22gcid-primary-color%22:%91%22background_color%22%93}&#8220;][et_pb_column type=&#8220;4_4&#8243; _builder_version=&#8220;4.17.3&#8243; _module_preset=&#8220;73121f80-a3ef-4484-8763-c3f18e3c56d2&#8243; global_colors_info=&#8220;{}&#8220;][et_pb_heading title=&#8220;Natur &#038; Wir &#8211; Das Projekt Bachforelle&#8220; _builder_version=&#8220;4.24.3&#8243; _module_preset=&#8220;c33f07d9-41e0-421a-8799-5799df695cce&#8220; title_text_align=&#8220;center&#8220; title_text_color=&#8220;#FFFFFF&#8220; locked=&#8220;off&#8220; global_colors_info=&#8220;{}&#8220;][\/et_pb_heading][\/et_pb_column][\/et_pb_row][et_pb_row column_structure=&#8220;1_3,1_3,1_3&#8243; custom_padding_last_edited=&#8220;on|desktop&#8220; _builder_version=&#8220;4.24.3&#8243; _module_preset=&#8220;5138c454-be54-4233-bd3b-f8e6a8747976&#8243; background_color=&#8220;gcid-primary-color&#8220; custom_padding=&#8220;|60px|60px|60px|false|true&#8220; custom_padding_tablet=&#8220;|30px|30px|30px|false|true&#8220; custom_padding_phone=&#8220;|20px|20px|20px|false|true&#8220; border_radii=&#8220;off|||6px|6px&#8220; global_colors_info=&#8220;{%22gcid-36fd78a7-34bc-404d-873c-dafa34efaae5%22:%91%22icon_color%22,%22icon_color%22,%22icon_color%22%93,%22gcid-7cadd8b3-5228-48e4-90c4-212d09232f7b%22:%91%22header_text_color%22%93,%22gcid-9a15b43a-75da-4015-a522-d0ef1179ded7%22:%91%22body_text_color%22%93,%22gcid-primary-color%22:%91%22background_color%22%93}&#8220;][et_pb_column type=&#8220;1_3&#8243; _builder_version=&#8220;4.17.3&#8243; _module_preset=&#8220;73121f80-a3ef-4484-8763-c3f18e3c56d2&#8243; global_colors_info=&#8220;{}&#8220;][et_pb_number_counter title=&#8220;Forellen Br\u00fctlinge besetzt&#8220; number=&#8220;100.000+&#8220; percent_sign=&#8220;off&#8220; _builder_version=&#8220;4.27.4&#8243; _module_preset=&#8220;eb8e0a21-f73c-4e32-bc0c-e37d0ee934ba&#8220; number_font_size=&#8220;60px&#8220; locked=&#8220;off&#8220; global_colors_info=&#8220;{}&#8220;][\/et_pb_number_counter][et_pb_divider color=&#8220;rgba(255,255,255,0.4)&#8220; _builder_version=&#8220;4.23.1&#8243; _module_preset=&#8220;default&#8220; custom_margin=&#8220;||0px||false|false&#8220; global_colors_info=&#8220;{%22gcid-728bdef5-a877-4852-ab0a-1ec8dbed052f%22:%91%22color%22%93}&#8220;][\/et_pb_divider][et_pb_text _builder_version=&#8220;4.27.4&#8243; _module_preset=&#8220;0504de1e-f5ff-4281-ba60-cbbe4edf98bc&#8220; locked=&#8220;off&#8220; global_colors_info=&#8220;{%22gcid-36fd78a7-34bc-404d-873c-dafa34efaae5%22:%91%22icon_color%22,%22icon_color%22,%22icon_color%22,%22icon_color%22,%22link_text_color%22,%22icon_color%22,%22icon_color%22,%22icon_color%22,%22icon_color%22,%22link_text_color%22,%22icon_color%22,%22icon_color%22,%22icon_color%22,%22icon_color%22,%22link_text_color%22%93}&#8220;]<\/p>\n<p>Bis heute wurden von unseren Mitgliedern im Rahmen dieses Projekts mehr als 100.000 Forellen Br\u00fctlinge besetzt.<\/p>\n<p>[\/et_pb_text][\/et_pb_column][et_pb_column type=&#8220;1_3&#8243; _builder_version=&#8220;4.17.3&#8243; _module_preset=&#8220;73121f80-a3ef-4484-8763-c3f18e3c56d2&#8243; global_colors_info=&#8220;{}&#8220;][et_pb_number_counter title=&#8220;Arbeitseinsatz &#8220; number=&#8220;500h+&#8220; percent_sign=&#8220;off&#8220; _builder_version=&#8220;4.27.4&#8243; _module_preset=&#8220;eb8e0a21-f73c-4e32-bc0c-e37d0ee934ba&#8220; number_font_size=&#8220;60px&#8220; locked=&#8220;off&#8220; global_colors_info=&#8220;{}&#8220;][\/et_pb_number_counter][et_pb_divider color=&#8220;rgba(255,255,255,0.4)&#8220; _builder_version=&#8220;4.23.1&#8243; _module_preset=&#8220;default&#8220; custom_margin=&#8220;||0px||false|false&#8220; locked=&#8220;off&#8220; global_colors_info=&#8220;{%22gcid-728bdef5-a877-4852-ab0a-1ec8dbed052f%22:%91%22color%22%93}&#8220;][\/et_pb_divider][et_pb_text _builder_version=&#8220;4.27.4&#8243; _module_preset=&#8220;0504de1e-f5ff-4281-ba60-cbbe4edf98bc&#8220; locked=&#8220;off&#8220; global_colors_info=&#8220;{%22gcid-36fd78a7-34bc-404d-873c-dafa34efaae5%22:%91%22icon_color%22,%22icon_color%22,%22icon_color%22,%22icon_color%22,%22link_text_color%22,%22icon_color%22,%22icon_color%22,%22icon_color%22,%22icon_color%22,%22link_text_color%22,%22icon_color%22,%22icon_color%22,%22icon_color%22,%22icon_color%22,%22link_text_color%22%93}&#8220;]<\/p>\n<p>Gemeinsam wurden mehr als 500h ehrenamtlicher Arbeit geleistet.<\/p>\n<p>[\/et_pb_text][et_pb_button button_url=&#8220;@ET-DC@eyJkeW5hbWljIjp0cnVlLCJjb250ZW50IjoicG9zdF9saW5rX3VybF9wYWdlIiwic2V0dGluZ3MiOnsicG9zdF9pZCI6IjQ4NyJ9fQ==@&#8220; button_text=&#8220;Mehr erfahren&#8220; _builder_version=&#8220;4.27.4&#8243; _dynamic_attributes=&#8220;button_url&#8220; _module_preset=&#8220;ab15fb74-61a3-43aa-96b3-41e09aeef654&#8243; locked=&#8220;off&#8220; global_colors_info=&#8220;{}&#8220;][\/et_pb_button][\/et_pb_column][et_pb_column type=&#8220;1_3&#8243; _builder_version=&#8220;4.17.3&#8243; _module_preset=&#8220;73121f80-a3ef-4484-8763-c3f18e3c56d2&#8243; global_colors_info=&#8220;{}&#8220;][et_pb_number_counter title=&#8220;gesicherte Finanzierung&#8220; number=&#8220;4 Jahre&#8220; percent_sign=&#8220;off&#8220; _builder_version=&#8220;4.27.4&#8243; _module_preset=&#8220;eb8e0a21-f73c-4e32-bc0c-e37d0ee934ba&#8220; number_font_size=&#8220;60px&#8220; locked=&#8220;off&#8220; global_colors_info=&#8220;{}&#8220;][\/et_pb_number_counter][et_pb_divider color=&#8220;rgba(255,255,255,0.4)&#8220; _builder_version=&#8220;4.23.1&#8243; _module_preset=&#8220;default&#8220; custom_margin=&#8220;||0px||false|false&#8220; locked=&#8220;off&#8220; global_colors_info=&#8220;{%22gcid-728bdef5-a877-4852-ab0a-1ec8dbed052f%22:%91%22color%22%93}&#8220;][\/et_pb_divider][et_pb_text _builder_version=&#8220;4.27.4&#8243; _module_preset=&#8220;0504de1e-f5ff-4281-ba60-cbbe4edf98bc&#8220; locked=&#8220;off&#8220; global_colors_info=&#8220;{%22gcid-36fd78a7-34bc-404d-873c-dafa34efaae5%22:%91%22icon_color%22,%22icon_color%22,%22icon_color%22,%22icon_color%22,%22link_text_color%22,%22icon_color%22,%22icon_color%22,%22icon_color%22,%22icon_color%22,%22link_text_color%22,%22icon_color%22,%22icon_color%22,%22icon_color%22,%22icon_color%22,%22link_text_color%22%93}&#8220;]<\/p>\n<p>Mit Hilfe von Sponsoren und privaten Spendern ist dieses Projekt f\u00fcr die n\u00e4chsten 4 Jahre durchfinanziert.<\/p>\n<p>[\/et_pb_text][\/et_pb_column][\/et_pb_row][\/et_pb_section][et_pb_section fb_built=&#8220;1&#8243; admin_label=&#8220;Call to Action&#8220; _builder_version=&#8220;4.24.2&#8243; _module_preset=&#8220;default&#8220; background_color=&#8220;gcid-primary-color&#8220; use_background_color_gradient=&#8220;on&#8220; background_color_gradient_direction=&#8220;65deg&#8220; background_color_gradient_stops=&#8220;#000000 0%|rgba(255,255,255,0) 100%&#8220; background_color_gradient_overlays_image=&#8220;on&#8220; background_enable_image=&#8220;off&#8220; custom_padding=&#8220;5vw||5vw||true|false&#8220; locked=&#8220;off&#8220; collapsed=&#8220;on&#8220; global_colors_info=&#8220;{%22gcid-primary-color%22:%91%22background_color%22%93}&#8220;][\/et_pb_section]<\/p>\n","protected":false},"excerpt":{"rendered":"<p>Der Anglerverein Moosburg e.V. widmet sich der nachhaltigen Pflege und Wiederherstellung unserer lokalen Gew\u00e4sser. Gemeinsam gestalten wir eine lebenswerte Umwelt f\u00fcr heutige und zuk\u00fcnftige Generationen. &nbsp;Der Anglerverein Moosburg e.V. setzt [&hellip;]<\/p>\n","protected":false},"author":1,"featured_media":0,"parent":0,"menu_order":0,"comment_status":"closed","ping_status":"closed","template":"","meta":{"_et_pb_use_builder":"on","_et_pb_old_content":"","_et_gb_content_width":"","_price":"","_stock":"","_tribe_ticket_header":"","_tribe_default_ticket_provider":"","_tribe_ticket_capacity":"0","_ticket_start_date":"","_ticket_end_date":"","_tribe_ticket_show_description":"","_tribe_ticket_show_not_going":false,"_tribe_ticket_use_global_stock":"","_tribe_ticket_global_stock_level":"","_global_stock_mode":"","_global_stock_cap":"","_tribe_rsvp_for_event":"","_tribe_ticket_going_count":"","_tribe_ticket_not_going_count":"","_tribe_tickets_list":"[]","_tribe_ticket_has_attendee_info_fields":false,"footnotes":""},"class_list":["post-7","page","type-page","status-publish","hentry"],"_links":{"self":[{"href":"https:\/\/www.av-moosburg.de\/index.php?rest_route=\/wp\/v2\/pages\/7","targetHints":{"allow":["GET"]}}],"collection":[{"href":"https:\/\/www.av-moosburg.de\/index.php?rest_route=\/wp\/v2\/pages"}],"about":[{"href":"https:\/\/www.av-moosburg.de\/index.php?rest_route=\/wp\/v2\/types\/page"}],"author":[{"embeddable":true,"href":"https:\/\/www.av-moosburg.de\/index.php?rest_route=\/wp\/v2\/users\/1"}],"replies":[{"embeddable":true,"href":"https:\/\/www.av-moosburg.de\/index.php?rest_route=%2Fwp%2Fv2%2Fcomments&post=7"}],"version-history":[{"count":36,"href":"https:\/\/www.av-moosburg.de\/index.php?rest_route=\/wp\/v2\/pages\/7\/revisions"}],"predecessor-version":[{"id":1223,"href":"https:\/\/www.av-moosburg.de\/index.php?rest_route=\/wp\/v2\/pages\/7\/revisions\/1223"}],"wp:attachment":[{"href":"https:\/\/www.av-moosburg.de\/index.php?rest_route=%2Fwp%2Fv2%2Fmedia&parent=7"}],"curies":[{"name":"wp","href":"https:\/\/api.w.org\/{rel}","templated":true}]}}